{"id":73,"date":"2023-05-08T18:23:39","date_gmt":"2023-05-08T18:23:39","guid":{"rendered":"https:\/\/demo.artureanec.com\/themes\/philantrop\/?page_id=73"},"modified":"2025-01-16T17:46:02","modified_gmt":"2025-01-16T17:46:02","slug":"blog","status":"publish","type":"page","link":"https:\/\/misionalianza.org\/es\/blog\/","title":{"rendered":"Blog"},"content":{"rendered":"\t\t<div data-elementor-type=\"wp-page\" data-elementor-id=\"73\" class=\"elementor elementor-73\" data-elementor-post-type=\"page\">\n\t\t\t\t\t\t<section class=\"elementor-section elementor-top-section elementor-element elementor-element-402f66b7 elementor-section-boxed elementor-section-height-default elementor-section-height-default philantrop_parallax_no\" data-id=\"402f66b7\" data-element_type=\"section\">\n\t\t\t\t\t\t<div class=\"elementor-container elementor-column-gap-default\">\n\t\t\t\t\t<div class=\"elementor-column elementor-col-100 elementor-top-column elementor-element elementor-element-5d68489f\" data-id=\"5d68489f\" data-element_type=\"column\">\n\t\t\t<div class=\"elementor-widget-wrap elementor-element-populated\">\n\t\t\t\t\t\t<div class=\"elementor-element elementor-element-c8dc3b3 elementor-widget elementor-widget-philantrop_blog_listing\" data-id=\"c8dc3b3\" data-element_type=\"widget\" data-widget_type=\"philantrop_blog_listing.default\">\n\t\t\t\t<div class=\"elementor-widget-container\">\n\t\t\t\n        <div class=\"philantrop_blog_listing_widget\">\n            <div class=\"philantrop_blog_listing_wrapper philantrop_view_type_2 \">\n                                        <div class=\"philantrop_blog_listing_item philantrop_post_format_standard\">\n                            <div class=\"philantrop_blog_listing_item_wrapper\">\n                                                                    <div class=\"philantrop_blog_listing_image_container \">\n                                        <div class=\"philantrop_blog_listing_image_wrapper\">\n                                            \n                                                <img decoding=\"async\" src=\"https:\/\/misionalianza.org\/es\/wp-content\/uploads\/2026\/01\/DSC03061-scaled-1200x603.jpg\" alt=\"Featured Image\" \/>\n                                                                                                <div class=\"philantrop_post_cat_cont\">\n                                                    <div class=\"philantrop_post_cat_wrapper\"><a href=\"https:\/\/misionalianza.org\/es\/category\/actividad\/\" rel=\"category tag\">Actividad<\/a><\/div>\n                                                <\/div>\n                                                                                        <\/div>\n                                    <\/div>\n                                                                            <div class=\"philantrop_blog_listing_content_wrapper\">\n                                            <div class=\"philantrop_blog_listing_meta\">\n                                                                                                    <div class=\"philantrop_post_date_container\">\n                                                        enero 15, 2026                                                    <\/div>\n\n                                                    <div class=\"philantrop_blog_listing_meta_divider\"><\/div>\n\n                                                    <div class=\"philantrop_post_author\">\n                                                        NoemiMA                                                    <\/div>\n                                                                                                <\/div>\n\n                                                                                                <h3 class=\"philantrop_blog_listing_title\">\n                                                        <a href=\"https:\/\/misionalianza.org\/es\/rendicion-de-cuentas-2024-el-valor-de-caminar-juntos\/\">Rendici\u00f3n de Cuentas 2024: El valor de caminar juntos<\/a>\n                                                    <\/h3>\n                                                                                                    <p class=\"philantrop_blog_listing_excerpt\">En Misi\u00f3n Alianza estamos convencidos de que la cooperaci\u00f3n solo tiene sentido cuando se construye desde la confianza, la cercan\u00eda y el di\u00e1logo permanente. Por eso, participar en la Rendici\u00f3n [&hellip;]<\/p>\n                                                                                                <a class=\"philantrop_button\" href=\"https:\/\/misionalianza.org\/es\/rendicion-de-cuentas-2024-el-valor-de-caminar-juntos\/\">\n                                                    <span>Explorar m\u00e1s<\/span>\n                                                    <svg width=\"9\" height=\"9\" viewBox=\"0 0 9 9\" fill=\"none\" xmlns=\"http:\/\/www.w3.org\/2000\/svg\">\n                                                        <path fill-rule=\"evenodd\" clip-rule=\"evenodd\" d=\"M7.72029 1.27952L2.60273 1.27947L2.60273 -1.13769e-07L8.99994 5.3966e-05L9 6.39733L7.72055 6.39733L7.72029 1.27952Z\"\/>\n                                                        <path d=\"M0.90471 9L-3.95466e-08 8.09528L8.03093 0.0642592L8.93564 0.968978L0.90471 9Z\"\/>\n                                                    <\/svg>\n                                                <\/a>\n                                                                                        <\/div>\n\n                                                                    <\/div>\n                        <\/div>\n                                                <div class=\"philantrop_blog_listing_item philantrop_post_format_standard\">\n                            <div class=\"philantrop_blog_listing_item_wrapper\">\n                                                                    <div class=\"philantrop_blog_listing_image_container \">\n                                        <div class=\"philantrop_blog_listing_image_wrapper\">\n                                            \n                                                <img decoding=\"async\" src=\"https:\/\/misionalianza.org\/es\/wp-content\/uploads\/2026\/01\/DSC0212-copia-scaled-1200x603.jpg\" alt=\"Featured Image\" \/>\n                                                                                                <div class=\"philantrop_post_cat_cont\">\n                                                    <div class=\"philantrop_post_cat_wrapper\"><a href=\"https:\/\/misionalianza.org\/es\/category\/proyectos\/\" rel=\"category tag\">Proyectos<\/a><\/div>\n                                                <\/div>\n                                                                                        <\/div>\n                                    <\/div>\n                                                                            <div class=\"philantrop_blog_listing_content_wrapper\">\n                                            <div class=\"philantrop_blog_listing_meta\">\n                                                                                                    <div class=\"philantrop_post_date_container\">\n                                                        enero 13, 2026                                                    <\/div>\n\n                                                    <div class=\"philantrop_blog_listing_meta_divider\"><\/div>\n\n                                                    <div class=\"philantrop_post_author\">\n                                                        NoemiMA                                                    <\/div>\n                                                                                                <\/div>\n\n                                                                                                <h3 class=\"philantrop_blog_listing_title\">\n                                                        <a href=\"https:\/\/misionalianza.org\/es\/proteger-a-la-ninez-un-compromiso-que-se-construye-en-red\/\">Proteger a la ni\u00f1ez: un compromiso que se construye en red<\/a>\n                                                    <\/h3>\n                                                                                                    <p class=\"philantrop_blog_listing_excerpt\">La violencia contra la ni\u00f1ez y la adolescencia no es un problema que podamos resolver de manera individual. Nos preocupa, nos mueve a actuar y, sobre todo, nos recuerda que [&hellip;]<\/p>\n                                                                                                <a class=\"philantrop_button\" href=\"https:\/\/misionalianza.org\/es\/proteger-a-la-ninez-un-compromiso-que-se-construye-en-red\/\">\n                                                    <span>Explorar m\u00e1s<\/span>\n                                                    <svg width=\"9\" height=\"9\" viewBox=\"0 0 9 9\" fill=\"none\" xmlns=\"http:\/\/www.w3.org\/2000\/svg\">\n                                                        <path fill-rule=\"evenodd\" clip-rule=\"evenodd\" d=\"M7.72029 1.27952L2.60273 1.27947L2.60273 -1.13769e-07L8.99994 5.3966e-05L9 6.39733L7.72055 6.39733L7.72029 1.27952Z\"\/>\n                                                        <path d=\"M0.90471 9L-3.95466e-08 8.09528L8.03093 0.0642592L8.93564 0.968978L0.90471 9Z\"\/>\n                                                    <\/svg>\n                                                <\/a>\n                                                                                        <\/div>\n\n                                                                    <\/div>\n                        <\/div>\n                                                <div class=\"philantrop_blog_listing_item philantrop_post_format_standard\">\n                            <div class=\"philantrop_blog_listing_item_wrapper\">\n                                                                    <div class=\"philantrop_blog_listing_image_container \">\n                                        <div class=\"philantrop_blog_listing_image_wrapper\">\n                                            \n                                                <img decoding=\"async\" src=\"https:\/\/misionalianza.org\/es\/wp-content\/uploads\/2024\/11\/blog-iglesias-de-sergio-toral-383x215-1-1200x603.jpg\" alt=\"Featured Image\" \/>\n                                                                                                <div class=\"philantrop_post_cat_cont\">\n                                                    <div class=\"philantrop_post_cat_wrapper\"><a href=\"https:\/\/misionalianza.org\/es\/category\/general\/\" rel=\"category tag\">General<\/a><\/div>\n                                                <\/div>\n                                                                                        <\/div>\n                                    <\/div>\n                                                                            <div class=\"philantrop_blog_listing_content_wrapper\">\n                                            <div class=\"philantrop_blog_listing_meta\">\n                                                                                                    <div class=\"philantrop_post_date_container\">\n                                                        octubre 30, 2023                                                    <\/div>\n\n                                                    <div class=\"philantrop_blog_listing_meta_divider\"><\/div>\n\n                                                    <div class=\"philantrop_post_author\">\n                                                        Mat\u00edas Y\u00e9pez                                                    <\/div>\n                                                                                                <\/div>\n\n                                                                                                <h3 class=\"philantrop_blog_listing_title\">\n                                                        <a href=\"https:\/\/misionalianza.org\/es\/iglesias-de-sergio-toral-y-socio-vivienda-ii-aportan-al-crecimiento-economico\/\">Iglesias de Sergio Toral y Socio Vivienda II Aportan al crecimiento econ\u00f3mico<\/a>\n                                                    <\/h3>\n                                                                                                    <p class=\"philantrop_blog_listing_excerpt\">Misi\u00f3n Alianza de Noruega en Ecuador, a trav\u00e9s de su programa de \u00abEmprendimiento\u00bb, ha llevado a cabo la entrega de herramientas y equipos especializados relacionados con la artesan\u00eda del calzado [&hellip;]<\/p>\n                                                                                                <a class=\"philantrop_button\" href=\"https:\/\/misionalianza.org\/es\/iglesias-de-sergio-toral-y-socio-vivienda-ii-aportan-al-crecimiento-economico\/\">\n                                                    <span>Explorar m\u00e1s<\/span>\n                                                    <svg width=\"9\" height=\"9\" viewBox=\"0 0 9 9\" fill=\"none\" xmlns=\"http:\/\/www.w3.org\/2000\/svg\">\n                                                        <path fill-rule=\"evenodd\" clip-rule=\"evenodd\" d=\"M7.72029 1.27952L2.60273 1.27947L2.60273 -1.13769e-07L8.99994 5.3966e-05L9 6.39733L7.72055 6.39733L7.72029 1.27952Z\"\/>\n                                                        <path d=\"M0.90471 9L-3.95466e-08 8.09528L8.03093 0.0642592L8.93564 0.968978L0.90471 9Z\"\/>\n                                                    <\/svg>\n                                                <\/a>\n                                                                                        <\/div>\n\n                                                                    <\/div>\n                        <\/div>\n                                                <div class=\"philantrop_blog_listing_item philantrop_post_format_standard\">\n                            <div class=\"philantrop_blog_listing_item_wrapper\">\n                                                                    <div class=\"philantrop_blog_listing_image_container \">\n                                        <div class=\"philantrop_blog_listing_image_wrapper\">\n                                            \n                                                <img decoding=\"async\" src=\"https:\/\/misionalianza.org\/es\/wp-content\/uploads\/2024\/11\/Mision-Alianza-13-383x215-1-1200x603.jpg\" alt=\"Featured Image\" \/>\n                                                                                                <div class=\"philantrop_post_cat_cont\">\n                                                    <div class=\"philantrop_post_cat_wrapper\"><a href=\"https:\/\/misionalianza.org\/es\/category\/general\/\" rel=\"category tag\">General<\/a><\/div>\n                                                <\/div>\n                                                                                        <\/div>\n                                    <\/div>\n                                                                            <div class=\"philantrop_blog_listing_content_wrapper\">\n                                            <div class=\"philantrop_blog_listing_meta\">\n                                                                                                    <div class=\"philantrop_post_date_container\">\n                                                        octubre 16, 2023                                                    <\/div>\n\n                                                    <div class=\"philantrop_blog_listing_meta_divider\"><\/div>\n\n                                                    <div class=\"philantrop_post_author\">\n                                                        Mat\u00edas Y\u00e9pez                                                    <\/div>\n                                                                                                <\/div>\n\n                                                                                                <h3 class=\"philantrop_blog_listing_title\">\n                                                        <a href=\"https:\/\/misionalianza.org\/es\/intervencion-de-los-jovenes-para-promover-procesos-de-incidencia\/\">Intervenci\u00f3n de los j\u00f3venes para promover procesos de incidencia<\/a>\n                                                    <\/h3>\n                                                                                                    <p class=\"philantrop_blog_listing_excerpt\">El liderazgo juvenil que se encuentra en las comunidades del noroeste de Guayaquil nace de un proceso de formaci\u00f3n desde el eje de Misi\u00f3n Integral. Promovemos espacios formativos en derechos [&hellip;]<\/p>\n                                                                                                <a class=\"philantrop_button\" href=\"https:\/\/misionalianza.org\/es\/intervencion-de-los-jovenes-para-promover-procesos-de-incidencia\/\">\n                                                    <span>Explorar m\u00e1s<\/span>\n                                                    <svg width=\"9\" height=\"9\" viewBox=\"0 0 9 9\" fill=\"none\" xmlns=\"http:\/\/www.w3.org\/2000\/svg\">\n                                                        <path fill-rule=\"evenodd\" clip-rule=\"evenodd\" d=\"M7.72029 1.27952L2.60273 1.27947L2.60273 -1.13769e-07L8.99994 5.3966e-05L9 6.39733L7.72055 6.39733L7.72029 1.27952Z\"\/>\n                                                        <path d=\"M0.90471 9L-3.95466e-08 8.09528L8.03093 0.0642592L8.93564 0.968978L0.90471 9Z\"\/>\n                                                    <\/svg>\n                                                <\/a>\n                                                                                        <\/div>\n\n                                                                    <\/div>\n                        <\/div>\n                                    <\/div>\n\n                            <div class=\"philantrop_pagination\">\n                    \n\t<nav class=\"navigation pagination\" aria-label=\"Paginaci\u00f3n de entradas\">\n\t\t<h2 class=\"screen-reader-text\">Paginaci\u00f3n de entradas<\/h2>\n\t\t<div class=\"nav-links\"><span aria-current=\"page\" class=\"page-numbers current\">1<\/span>\n<a class=\"page-numbers\" href=\"https:\/\/misionalianza.org\/es\/wp-json\/wp\/v2\/pages\/73\/page\/2\/\">2<\/a>\n<a class=\"page-numbers\" href=\"https:\/\/misionalianza.org\/es\/wp-json\/wp\/v2\/pages\/73\/page\/3\/\">3<\/a>\n<span class=\"page-numbers dots\">&hellip;<\/span>\n<a class=\"page-numbers\" href=\"https:\/\/misionalianza.org\/es\/wp-json\/wp\/v2\/pages\/73\/page\/13\/\">13<\/a><\/div>\n\t<\/nav>                <\/div>\n                        <\/div>\n        \t\t<\/div>\n\t\t\t\t<\/div>\n\t\t\t\t\t<\/div>\n\t\t<\/div>\n\t\t\t\t\t<\/div>\n\t\t<\/section>\n\t\t\t\t<\/div>\n\t\t","protected":false},"excerpt":{"rendered":"","protected":false},"author":101,"featured_media":11939,"parent":0,"menu_order":0,"comment_status":"closed","ping_status":"closed","template":"","meta":{"_acf_changed":false,"footnotes":""},"class_list":["post-73","page","type-page","status-publish","has-post-thumbnail","hentry"],"acf":[],"_links":{"self":[{"href":"https:\/\/misionalianza.org\/es\/wp-json\/wp\/v2\/pages\/73","targetHints":{"allow":["GET"]}}],"collection":[{"href":"https:\/\/misionalianza.org\/es\/wp-json\/wp\/v2\/pages"}],"about":[{"href":"https:\/\/misionalianza.org\/es\/wp-json\/wp\/v2\/types\/page"}],"author":[{"embeddable":true,"href":"https:\/\/misionalianza.org\/es\/wp-json\/wp\/v2\/users\/101"}],"replies":[{"embeddable":true,"href":"https:\/\/misionalianza.org\/es\/wp-json\/wp\/v2\/comments?post=73"}],"version-history":[{"count":5,"href":"https:\/\/misionalianza.org\/es\/wp-json\/wp\/v2\/pages\/73\/revisions"}],"predecessor-version":[{"id":12525,"href":"https:\/\/misionalianza.org\/es\/wp-json\/wp\/v2\/pages\/73\/revisions\/12525"}],"wp:featuredmedia":[{"embeddable":true,"href":"https:\/\/misionalianza.org\/es\/wp-json\/wp\/v2\/media\/11939"}],"wp:attachment":[{"href":"https:\/\/misionalianza.org\/es\/wp-json\/wp\/v2\/media?parent=73"}],"curies":[{"name":"wp","href":"https:\/\/api.w.org\/{rel}","templated":true}]}}